{"id":444,"date":"2018-05-24T17:43:21","date_gmt":"2018-05-24T15:43:21","guid":{"rendered":"https:\/\/schwerinerhafenfest.de\/?page_id=444"},"modified":"2020-11-11T01:37:48","modified_gmt":"2020-11-11T00:37:48","slug":"datenschutzerklaerung","status":"publish","type":"page","link":"https:\/\/schwerinerhafenfest.de\/?page_id=444","title":{"rendered":"Datenschutzerkl\u00e4rung"},"content":{"rendered":"\n<h1>[borlabs-cookie type=&#8220;btn-cookie-preference&#8220; title=&#8220;Datenschutzeinstellungen anpassen&#8220;\/]<\/h1>\n\n\n<p>Diese Datenschutzerkl\u00e4rung kl\u00e4rt Sie \u00fcber die Art, den Umfang und Zweck der Verarbeitung von personenbezogenen Daten (nachfolgend kurz \u201eDaten\u201c) innerhalb unseres Onlineangebotes und der mit ihm verbundenen Webseiten, Funktionen und Inhalte auf. (nachfolgend gemeinsam bezeichnet als \u201eOnlineangebot\u201c). Im Hinblick auf die verwendeten Begrifflichkeiten, wie z.B. \u201epersonenbezogene Daten\u201c oder deren \u201eVerarbeitung\u201c verweisen wir auf die Definitionen im Art. 4 der Datenschutzgrundverordnung (DSGVO).<\/p>\n<hr>\n<h3 style=\"text-align: left;\"><strong>Verantwortlicher:<\/strong><\/h3>\n<p style=\"text-align: left;\">Name\/Fa.: &nbsp; &nbsp; &nbsp; &nbsp; &nbsp; &nbsp; &nbsp; &nbsp; &nbsp; &nbsp; &nbsp;Music Eggert \u2013 Inhaber Rolf Eggert<br>Stra\u00dfe Nr.:&nbsp;&nbsp;&nbsp;&nbsp;&nbsp;&nbsp;&nbsp;&nbsp;&nbsp;&nbsp;&nbsp;&nbsp;&nbsp;&nbsp;&nbsp;&nbsp;&nbsp;&nbsp;&nbsp;&nbsp; Paulstra\u00dfe 2<br>PLZ, Ort, Land: &nbsp; &nbsp; &nbsp; &nbsp; &nbsp; &nbsp; 19249 L\u00fcbtheen, Deutschland<br>Telefonnummer: &nbsp; &nbsp; &nbsp; &nbsp; &nbsp;038855 \/ 51 353<br>E-Mail: &nbsp; &nbsp; &nbsp; &nbsp; &nbsp; &nbsp; &nbsp; &nbsp; &nbsp; &nbsp; &nbsp; &nbsp; &nbsp; &nbsp;anfrage@musiceggert.de<\/p>\n<hr>\n<h3><strong>Datenschutzbeauftragter:<\/strong><\/h3>\n<p>Name: &nbsp; &nbsp; &nbsp; &nbsp; &nbsp; &nbsp; &nbsp; &nbsp; &nbsp; &nbsp; &nbsp; &nbsp; &nbsp; &nbsp; &nbsp;Steffen Grabowski<br>Telefonnummer: &nbsp; &nbsp; &nbsp; &nbsp; &nbsp; 0395 \/ 70 79 114<br>E-Mail: &nbsp; &nbsp; &nbsp; &nbsp; &nbsp; &nbsp; &nbsp; &nbsp; &nbsp; &nbsp; &nbsp; &nbsp; &nbsp; &nbsp;&nbsp;<a href=\"mailto:info@grabowski-beratung.de\">info@grabowski-beratung.de<\/a><\/p>\n<hr>\n<h3><strong>Arten der verarbeiteten Daten:<\/strong><\/h3>\n<p>\u2022 Bestandsdaten (z.B., Namen, Adressen).<br>\u2022 Kontaktdaten (z.B., E-Mail, Telefonnummern).<br>\u2022 Inhaltsdaten (z.B., Texteingaben).<br>\u2022 Nutzungsdaten (z.B., besuchte Webseiten, Interesse an Inhalten, Zugriffszeiten).<br>\u2022 Meta-\/Kommunikationsdaten (z.B., Ger\u00e4te-Informationen, IP-Adressen).<\/p>\n<hr>\n<h3><strong>Verarbeitung besonderer Kategorien von Daten (Art. 9 Abs. 1 DSGVO):<\/strong><\/h3>\n<p>Es werden keine besonderen Kategorien von Daten verarbeitet.<\/p>\n<hr>\n<h3><strong>Kategorien der von der Verarbeitung betroffenen Personen:<\/strong><\/h3>\n<p>Besucher und Nutzer des Onlineangebotes.<br>Nachfolgend bezeichnen wir die betroffenen Personen zusammenfassend auch als \u201eNutzer\u201c.<\/p>\n<hr>\n<h3><strong>Zweck der Verarbeitung:<\/strong><\/h3>\n<p>Zurverf\u00fcgungstellung des Onlineangebotes, seiner Inhalte und Funktionen.<br>Beantwortung von Kontaktanfragen und Kommunikation mit Nutzern.<br>Sicherheitsma\u00dfnahmen.<\/p>\n<hr>\n<p>Stand: 04.11.2020<\/p>\n<h3><strong>1. Ma\u00dfgebliche Rechtsgrundlagen<\/strong><\/h3>\n<p>Nach Ma\u00dfgabe des Art. 13 DSGVO teilen wir Ihnen die Rechtsgrundlagen unserer Datenverarbeitungen mit. Sofern die Rechtsgrundlage in der Datenschutzerkl\u00e4rung nicht genannt wird, gilt Folgendes: Die Rechtsgrundlage f\u00fcr die Einholung von Einwilligungen ist Art. 6 Abs. 1 lit. a und Art. 7 DSGVO, die Rechtsgrundlage f\u00fcr die Verarbeitung zur Erf\u00fcllung unserer Leistungen und Durchf\u00fchrung vertraglicher Ma\u00dfnahmen sowie Beantwortung von Anfragen ist Art. 6 Abs. 1 lit. b DSGVO, die Rechtsgrundlage f\u00fcr die Verarbeitung zur Erf\u00fcllung unserer rechtlichen Verpflichtungen ist Art. 6 Abs. 1 lit. c DSGVO, und die Rechtsgrundlage f\u00fcr die Verarbeitung zur Wahrung unserer berechtigten Interessen ist Art. 6 Abs. 1 lit. f DSGVO. F\u00fcr den Fall, dass lebenswichtige Interessen der betroffenen Person oder einer anderen nat\u00fcrlichen Person eine Verarbeitung personenbezogener Daten erforderlich machen, dient Art. 6 Abs. 1 lit. d DSGVO als Rechtsgrundlage.<\/p>\n<h3>2.&nbsp;<strong>\u00c4nderungen und Aktualisierungen der Datenschutzerkl\u00e4rung<\/strong><\/h3>\n<p>Wir bitten Sie sich regelm\u00e4\u00dfig \u00fcber den Inhalt unserer Datenschutzerkl\u00e4rung zu informieren. Wir passen die Datenschutzerkl\u00e4rung an, sobald die \u00c4nderungen der von uns durchgef\u00fchrten Datenverarbeitungen dies erforderlich machen. Wir informieren Sie, sobald durch die \u00c4nderungen eine Mitwirkungshandlung Ihrerseits (z.B. Einwilligung) oder eine sonstige individuelle Benachrichtigung erforderlich wird.<\/p>\n<h3><strong>3. Sicherheitsma\u00dfnahmen<\/strong><\/h3>\n<p>3.1.&nbsp;&nbsp;&nbsp;&nbsp;&nbsp;&nbsp; Wir treffen nach Ma\u00dfgabe des Art. 32 DSGVO unter Ber\u00fccksichtigung des Stands der Technik, der Implementierungskosten und der Art, des Umfangs, der Umst\u00e4nde und der Zwecke der Verarbeitung sowie der unterschiedlichen Eintrittswahrscheinlichkeit und Schwere des Risikos f\u00fcr die Rechte und Freiheiten nat\u00fcrlicher Personen, geeignete technische und organisatorische Ma\u00dfnahmen, um ein dem Risiko angemessenes Schutzniveau zu gew\u00e4hrleisten; Zu den Ma\u00dfnahmen geh\u00f6ren insbesondere die Sicherung der Vertraulichkeit, Integrit\u00e4t und Verf\u00fcgbarkeit von Daten durch Kontrolle des physischen Zugangs zu den Daten, als auch des sie betreffenden Zugriffs, der Eingabe, Weitergabe, der Sicherung der Verf\u00fcgbarkeit und ihrer Trennung. Des Weiteren haben wir Verfahren eingerichtet, die eine Wahrnehmung von Betroffenenrechten, L\u00f6schung von Daten und Reaktion auf Gef\u00e4hrdung der Daten gew\u00e4hrleisen. Ferner ber\u00fccksichtigen wir den Schutz personenbezogener Daten bereits bei der Entwicklung, bzw. Auswahl von Hardware, Software sowie Verfahren, entsprechend dem Prinzip des Datenschutzes durch Technikgestaltung und durch datenschutzfreundliche Voreinstellungen ber\u00fccksichtigt (Art. 25 DSGVO).<\/p>\n<h3><strong>4. Zusammenarbeit mit Auftragsverarbeitern und Dritten<\/strong><\/h3>\n<p>4.1.&nbsp;&nbsp;&nbsp;&nbsp;&nbsp;&nbsp; Sofern wir im Rahmen unserer Verarbeitung Daten gegen\u00fcber anderen Personen und Unternehmen (Auftragsverarbeitern oder Dritten) offenbaren, sie an diese \u00fcbermitteln oder ihnen sonst Zugriff auf die Daten gew\u00e4hren, erfolgt dies nur auf Grundlage einer gesetzlichen Erlaubnis (z.B. wenn eine \u00dcbermittlung der Daten an Dritte, wie an Zahlungsdienstleister, gem. Art. 6 Abs. 1 lit. b DSGVO zur Vertragserf\u00fcllung erforderlich ist), Sie eingewilligt haben, eine rechtliche Verpflichtung dies vorsieht oder auf Grundlage unserer berechtigten Interessen (z.B. beim Einsatz von Beauftragten, Webhostern, etc.).<\/p>\n<p>4.2.&nbsp;&nbsp;&nbsp;&nbsp;&nbsp;&nbsp; Sofern wir Dritte mit der Verarbeitung von Daten auf Grundlage eines sog. \u201eAuftragsverarbeitungsvertrages\u201c beauftragen, geschieht dies auf Grundlage des Art. 28 DSGVO.<\/p>\n<h3><strong>5. \u00dcbermittlungen in Drittl\u00e4nder<\/strong><\/h3>\n<p>Sofern wir Daten in einem Drittland (d.h. au\u00dferhalb der Europ\u00e4ischen Union (EU) oder des Europ\u00e4ischen Wirtschaftsraums (EWR)) verarbeiten oder dies im Rahmen der Inanspruchnahme von Diensten Dritter oder Offenlegung, bzw. \u00dcbermittlung von Daten an Dritte geschieht, erfolgt dies nur, wenn es zur Erf\u00fcllung unserer (vor)vertraglichen Pflichten, auf Grundlage Ihrer Einwilligung, aufgrund einer rechtlichen Verpflichtung oder auf Grundlage unserer berechtigten Interessen geschieht. Vorbehaltlich gesetzlicher oder vertraglicher Erlaubnisse, verarbeiten oder lassen wir die Daten in einem Drittland nur beim Vorliegen der besonderen Voraussetzungen der Art. 44 ff. DSGVO verarbeiten. D.h. die Verarbeitung erfolgt z.B. auf Grundlage besonderer Garantien, wie der offiziell anerkannten Feststellung eines der EU entsprechenden Datenschutzniveaus oder Beachtung offiziell anerkannter spezieller vertraglicher Verpflichtungen (so genannte \u201eStandardvertragsklauseln\u201c).<\/p>\n<h3>6.&nbsp;<strong>Rechte der betroffenen Personen<\/strong><\/h3>\n<p>6.1.&nbsp;&nbsp;&nbsp;&nbsp;&nbsp;&nbsp; Sie haben das Recht, eine Best\u00e4tigung dar\u00fcber zu verlangen, ob betreffende Daten verarbeitet werden und auf Auskunft \u00fcber diese Daten sowie auf weitere Informationen und Kopie der Daten entsprechend Art. 15 DSGVO.<\/p>\n<p>6.2.&nbsp;&nbsp;&nbsp;&nbsp;&nbsp;&nbsp; Sie haben entsprechend. Art. 16 DSGVO das Recht, die Vervollst\u00e4ndigung der Sie betreffenden Daten oder die Berichtigung der Sie betreffenden unrichtigen Daten zu verlangen.<\/p>\n<p>6.3.&nbsp;&nbsp;&nbsp;&nbsp;&nbsp;&nbsp; Sie haben nach Ma\u00dfgabe des Art. 17 DSGVO das Recht zu verlangen, dass betreffende Daten unverz\u00fcglich gel\u00f6scht werden, bzw. alternativ nach Ma\u00dfgabe des Art. 18 DSGVO eine Einschr\u00e4nkung der Verarbeitung der Daten zu verlangen.<\/p>\n<p>6.4.&nbsp;&nbsp;&nbsp;&nbsp;&nbsp;&nbsp; Sie haben das Recht zu verlangen, dass die Sie betreffenden Daten, die Sie uns bereitgestellt haben nach Ma\u00dfgabe des Art. 20 DSGVO zu erhalten und deren \u00dcbermittlung an andere Verantwortliche zu fordern.<\/p>\n<p>6.5.&nbsp;&nbsp;&nbsp;&nbsp;&nbsp;&nbsp; Sie haben ferner gem. Art. 77 DSGVO das Recht, eine Beschwerde bei der zust\u00e4ndigen Aufsichtsbeh\u00f6rde einzureichen.<\/p>\n<h3><strong>7.&nbsp; Widerrufsrecht<\/strong><\/h3>\n<p>Sie haben das Recht, erteilte Einwilligungen gem. Art. 7 Abs. 3 DSGVO mit Wirkung f\u00fcr die Zukunft zu widerrufen.<\/p>\n<h3><strong>8. Widerspruchsrecht<\/strong><\/h3>\n<p>Sie k\u00f6nnen der k\u00fcnftigen Verarbeitung der Sie betreffenden Daten nach Ma\u00dfgabe des Art. 21 DSGVO jederzeit widersprechen. Der Widerspruch kann insbesondere gegen die Verarbeitung f\u00fcr Zwecke der Direktwerbung erfolgen.<\/p>\n<h3><strong>9. L\u00f6schung von Daten<\/strong><\/h3>\n<p>9.1.&nbsp;&nbsp;&nbsp;&nbsp;&nbsp;&nbsp; Die von uns verarbeiteten Daten werden nach Ma\u00dfgabe der Art. 17 und 18 DSGVO gel\u00f6scht oder in ihrer Verarbeitung eingeschr\u00e4nkt. Sofern nicht im Rahmen dieser Datenschutzerkl\u00e4rung ausdr\u00fccklich angegeben, werden die bei uns gespeicherten Daten gel\u00f6scht, sobald sie f\u00fcr ihre Zweckbestimmung nicht mehr erforderlich sind und der L\u00f6schung keine gesetzlichen Aufbewahrungspflichten entgegenstehen. Sofern die Daten nicht gel\u00f6scht werden, weil sie f\u00fcr andere und gesetzlich zul\u00e4ssige Zwecke erforderlich sind, wird deren Verarbeitung eingeschr\u00e4nkt. D.h. die Daten werden gesperrt und nicht f\u00fcr andere Zwecke verarbeitet. Das gilt z.B. f\u00fcr Daten, die aus handels- oder steuerrechtlichen Gr\u00fcnden aufbewahrt werden m\u00fcssen.<\/p>\n<p>9.2.&nbsp;&nbsp;&nbsp;&nbsp;&nbsp;&nbsp; Nach gesetzlichen Vorgaben erfolgt die Aufbewahrung insbesondere f\u00fcr 6 Jahre gem\u00e4\u00df \u00a7 257 Abs. 1 HGB (Handelsb\u00fccher, Inventare, Er\u00f6ffnungsbilanzen, Jahresabschl\u00fcsse, Handelsbriefe, Buchungsbelege, etc.) sowie f\u00fcr 10 Jahre gem\u00e4\u00df \u00a7 147 Abs. 1 AO (B\u00fccher, Aufzeichnungen, Lageberichte, Buchungsbelege, Handels- und Gesch\u00e4ftsbriefe, F\u00fcr Besteuerung relevante Unterlagen, etc.).<\/p>\n<h3><strong>10. Kontaktaufnahme<\/strong><\/h3>\n<p>10.1.&nbsp;&nbsp;&nbsp;&nbsp; Bei der Kontaktaufnahme mit uns (z.B. per E-Mail) werden die Angaben des Nutzers zur Bearbeitung der Kontaktanfrage und deren Abwicklung gem. Art. 6 Abs. 1 lit. b) DSGVO verarbeitet. Wir weisen Sie darauf hin, dass eine unverschl\u00fcsselte Kommunikation per E-Mail nicht als sicher gilt. Wenn m\u00f6glich nutzen Sie bitte ein sicheres Kommunikationsmittel wie z.B. einen Brief.<\/p>\n<p>10.2.&nbsp;&nbsp;&nbsp;&nbsp; Die Angaben der Nutzer k\u00f6nnen in unserem Customer-Relationship-Management System (&#8222;CRM System&#8220;) oder vergleichbarer Anfragenorganisation gespeichert werden.<\/p>\n<p>10.3.&nbsp;&nbsp;&nbsp;&nbsp; Wir setzen das CRM-System \u201eZendesk\u201c, des Anbieters Zendesk Inc. (1019 Market Street, San Francisco, CA 94103 in den USA) auf Grundlage unserer berechtigten Interessen (effiziente und schnelle Bearbeitung der Nutzeranfragen) ein. Hierzu haben wir mit Zendesk Inc. einen Vertrag mit sog. Standardvertragsklauseln abgeschlossen, in denen sich Zendesk Inc. zur Verarbeitung der Nutzerdaten nur entsprechend unseren Weisungen und zur Einhaltung des EU-Datenschutzniveaus verpflichtet.<\/p>\n<p>10.4.&nbsp;&nbsp;&nbsp;&nbsp; Wir l\u00f6schen die Anfragen, sofern diese nicht mehr erforderlich sind. Wir \u00fcberpr\u00fcfen die Erforderlichkeit j\u00e4hrlich. Im Fall der gesetzlichen Archivierungspflichten erfolgt die L\u00f6schung nach deren Ablauf (Ende handelsrechtlicher (6 Jahre) und steuerrechtlicher (10 Jahre) Aufbewahrungspflicht).<\/p>\n<h3><strong>11. Erhebung von Zugriffsdaten und Logfiles<\/strong><\/h3>\n<p>11.1.&nbsp;&nbsp;&nbsp;&nbsp; Wir erheben auf Grundlage unserer berechtigten Interessen im Sinne des Art. 6 Abs. 1 lit. f. DSGVO Daten \u00fcber jeden Zugriff auf den Server, auf dem sich dieser Dienst befindet (sogenannte Serverlogfiles). Zu den Zugriffsdaten geh\u00f6ren Name der abgerufenen Webseite, Datei, Datum und Uhrzeit des Abrufs, \u00fcbertragene Datenmenge, Meldung \u00fcber erfolgreichen Abruf, Browsertyp nebst Version, das Betriebssystem des Nutzers, Referrer URL (die zuvor besuchte Seite), IP-Adresse und der anfragende Provider.<\/p>\n<p>11.2.&nbsp;&nbsp;&nbsp;&nbsp; Logfile-Informationen werden aus Sicherheitsgr\u00fcnden (z.B. zur Aufkl\u00e4rung von Missbrauchs- oder Betrugshandlungen) f\u00fcr die Dauer von maximal sieben Tagen gespeichert und danach gel\u00f6scht. Daten, deren weitere Aufbewahrung zu Beweiszwecken erforderlich ist, sind bis zur endg\u00fcltigen Kl\u00e4rung des jeweiligen Vorfalls von der L\u00f6schung ausgenommen.<\/p>\n<p><\/p>\n\n\n<p><\/p>\n","protected":false},"excerpt":{"rendered":"<p>[borlabs-cookie type=&#8220;btn-cookie-preference&#8220; title=&#8220;Datenschutzeinstellungen anpassen&#8220;\/] Diese Datenschutzerkl\u00e4rung kl\u00e4rt Sie \u00fcber die Art, den Umfang und Zweck der Verarbeitung von personenbezogenen Daten (nachfolgend kurz \u201eDaten\u201c) innerhalb unseres Onlineangebotes und der mit ihm verbundenen Webseiten, Funktionen und Inhalte auf. (nachfolgend gemeinsam bezeichnet als \u201eOnlineangebot\u201c). Im Hinblick auf die verwendeten Begrifflichkeiten, wie z.B. \u201epersonenbezogene Daten\u201c oder deren \u201eVerarbeitung\u201c verweisen [&hellip;]<\/p>\n","protected":false},"author":1,"featured_media":0,"parent":0,"menu_order":0,"comment_status":"closed","ping_status":"closed","template":"template-fullwidth.php","meta":[],"_links":{"self":[{"href":"https:\/\/schwerinerhafenfest.de\/index.php?rest_route=\/wp\/v2\/pages\/444"}],"collection":[{"href":"https:\/\/schwerinerhafenfest.de\/index.php?rest_route=\/wp\/v2\/pages"}],"about":[{"href":"https:\/\/schwerinerhafenfest.de\/index.php?rest_route=\/wp\/v2\/types\/page"}],"author":[{"embeddable":true,"href":"https:\/\/schwerinerhafenfest.de\/index.php?rest_route=\/wp\/v2\/users\/1"}],"replies":[{"embeddable":true,"href":"https:\/\/schwerinerhafenfest.de\/index.php?rest_route=%2Fwp%2Fv2%2Fcomments&post=444"}],"version-history":[{"count":12,"href":"https:\/\/schwerinerhafenfest.de\/index.php?rest_route=\/wp\/v2\/pages\/444\/revisions"}],"predecessor-version":[{"id":582,"href":"https:\/\/schwerinerhafenfest.de\/index.php?rest_route=\/wp\/v2\/pages\/444\/revisions\/582"}],"wp:attachment":[{"href":"https:\/\/schwerinerhafenfest.de\/index.php?rest_route=%2Fwp%2Fv2%2Fmedia&parent=444"}],"curies":[{"name":"wp","href":"https:\/\/api.w.org\/{rel}","templated":true}]}}