{"id":250,"date":"2017-05-05T13:17:12","date_gmt":"2017-05-05T11:17:12","guid":{"rendered":"https:\/\/schwerinerhafenfest.de\/?page_id=250"},"modified":"2019-04-11T08:59:17","modified_gmt":"2019-04-11T06:59:17","slug":"das-hafenfest","status":"publish","type":"page","link":"https:\/\/schwerinerhafenfest.de\/?page_id=250","title":{"rendered":"Das Hafenfest"},"content":{"rendered":"<p><img loading=\"lazy\" class=\"alignnone size-medium wp-image-251 aligncenter\" src=\"https:\/\/schwerinerhafenfest.de\/wp-content\/uploads\/2017\/05\/029_Lindenfest_9773-300x200.jpg\" alt=\"\" width=\"300\" height=\"200\" srcset=\"https:\/\/schwerinerhafenfest.de\/wp-content\/uploads\/2017\/05\/029_Lindenfest_9773-300x200.jpg 300w, https:\/\/schwerinerhafenfest.de\/wp-content\/uploads\/2017\/05\/029_Lindenfest_9773-768x512.jpg 768w, https:\/\/schwerinerhafenfest.de\/wp-content\/uploads\/2017\/05\/029_Lindenfest_9773-1024x683.jpg 1024w, https:\/\/schwerinerhafenfest.de\/wp-content\/uploads\/2017\/05\/029_Lindenfest_9773.jpg 2048w\" sizes=\"(max-width: 300px) 100vw, 300px\" \/><\/p>\n<h2 style=\"text-align: center;\"><b>Streetfood-Meile<\/b><\/h2>\n<p style=\"text-align: center;\">Es duftet nach leckeren saftigen Burgern, italienischer Pizza, frisch ger\u00e4uchertem Fisch und Gegrilltem. Willkommen im Schlemmerparadies auf unserer gro\u00dfen Streetfood-Meile. Hier werden euch kulinarische Spezialit\u00e4ten aus der ganzen Welt geboten. Von s\u00fc\u00dfen bis zu deftigen Speisen, von Eis, \u00fcber Rauchwurst bis zu Vegetarischen, hier ist Schlemmen angesagt. Und wer alles probiert hat, der sollte sich ein k\u00fchles Bier, oder einen leckeren Cocktail direkt an der Promenade mit dem Blick auf den Schweriner See g\u00f6nnen.<\/p>\n<hr \/>\n<p style=\"text-align: center;\"><img loading=\"lazy\" class=\"alignnone size-medium wp-image-166\" src=\"https:\/\/schwerinerhafenfest.de\/wp-content\/uploads\/2017\/02\/IMG_8256-300x200.jpg\" alt=\"\" width=\"300\" height=\"200\" srcset=\"https:\/\/schwerinerhafenfest.de\/wp-content\/uploads\/2017\/02\/IMG_8256-300x200.jpg 300w, https:\/\/schwerinerhafenfest.de\/wp-content\/uploads\/2017\/02\/IMG_8256-768x512.jpg 768w, https:\/\/schwerinerhafenfest.de\/wp-content\/uploads\/2017\/02\/IMG_8256.jpg 800w\" sizes=\"(max-width: 300px) 100vw, 300px\" \/><\/p>\n<h2 style=\"text-align: center;\"><b>Die H\u00e4ndlermeile<\/b><\/h2>\n<p style=\"text-align: center;\">Ein kleines Mitbringsel f\u00fcr die Familie, ein tolles Andenken oder etwas wonach man schon immer gesucht hat, das Alles findet sich auf der gro\u00dfen H\u00e4ndlermeile direkt am Stadthafen. Schlendert gem\u00fctlich direkt am Wasser die Promenade entlang und st\u00f6bert in den zahlreichen Angeboten. Tolle Handwerkskunst, Selbstgemachtes oder super Sonderangebote, hier findet sich f\u00fcr jeden etwas. Und wem das alles nichts ist, der setzt sich an eine der zahlreichen Bars und genie\u00dft einen k\u00fchlen Drink und schaut dem Trubel in der Sonne zu.<\/p>\n<hr \/>\n<p style=\"text-align: center;\"><img loading=\"lazy\" class=\"alignnone size-medium wp-image-196\" src=\"https:\/\/schwerinerhafenfest.de\/wp-content\/uploads\/2017\/02\/IMG_8161-300x200.jpg\" alt=\"\" width=\"300\" height=\"200\" srcset=\"https:\/\/schwerinerhafenfest.de\/wp-content\/uploads\/2017\/02\/IMG_8161-300x200.jpg 300w, https:\/\/schwerinerhafenfest.de\/wp-content\/uploads\/2017\/02\/IMG_8161-768x512.jpg 768w, https:\/\/schwerinerhafenfest.de\/wp-content\/uploads\/2017\/02\/IMG_8161.jpg 800w\" sizes=\"(max-width: 300px) 100vw, 300px\" \/><\/p>\n<h2 style=\"text-align: center;\"><b>Fahrgesch\u00e4fte<\/b><\/h2>\n<p style=\"text-align: center;\">Bunte Lichter, Musik und lachende Kinder, das erwartet euch auf unser gro\u00dfen Schaustellermeile. In diesem Jahr haben wir wieder viele tolle Fahrgesch\u00e4fte vor Ort. Autoscooter, Karussells oder Kettenflieger, f\u00fcr Abwechslung ist gesorgt. Wer nicht so hoch hinaus m\u00f6chte, der kann an den Los- oder Schie\u00dfbunden mit tollen Gewinnen sein Gl\u00fcck probieren. Auch f\u00fcr die Kleinen gibt es viel zu entdecken. Entenangeln, Greiferautomaten, Kinderkarussells oder Kinderbungee, hier ist f\u00fcr jeden Geschmack etwas dabei.<\/p>\n","protected":false},"excerpt":{"rendered":"<p>Streetfood-Meile Es duftet nach leckeren saftigen Burgern, italienischer Pizza, frisch ger\u00e4uchertem Fisch und Gegrilltem. Willkommen im Schlemmerparadies auf unserer gro\u00dfen Streetfood-Meile. Hier werden euch kulinarische Spezialit\u00e4ten aus der ganzen Welt geboten. Von s\u00fc\u00dfen bis zu deftigen Speisen, von Eis, \u00fcber Rauchwurst bis zu Vegetarischen, hier ist Schlemmen angesagt. Und wer alles probiert hat, der sollte [&hellip;]<\/p>\n","protected":false},"author":1,"featured_media":0,"parent":0,"menu_order":0,"comment_status":"closed","ping_status":"closed","template":"","meta":[],"_links":{"self":[{"href":"https:\/\/schwerinerhafenfest.de\/index.php?rest_route=\/wp\/v2\/pages\/250"}],"collection":[{"href":"https:\/\/schwerinerhafenfest.de\/index.php?rest_route=\/wp\/v2\/pages"}],"about":[{"href":"https:\/\/schwerinerhafenfest.de\/index.php?rest_route=\/wp\/v2\/types\/page"}],"author":[{"embeddable":true,"href":"https:\/\/schwerinerhafenfest.de\/index.php?rest_route=\/wp\/v2\/users\/1"}],"replies":[{"embeddable":true,"href":"https:\/\/schwerinerhafenfest.de\/index.php?rest_route=%2Fwp%2Fv2%2Fcomments&post=250"}],"version-history":[{"count":8,"href":"https:\/\/schwerinerhafenfest.de\/index.php?rest_route=\/wp\/v2\/pages\/250\/revisions"}],"predecessor-version":[{"id":449,"href":"https:\/\/schwerinerhafenfest.de\/index.php?rest_route=\/wp\/v2\/pages\/250\/revisions\/449"}],"wp:attachment":[{"href":"https:\/\/schwerinerhafenfest.de\/index.php?rest_route=%2Fwp%2Fv2%2Fmedia&parent=250"}],"curies":[{"name":"wp","href":"https:\/\/api.w.org\/{rel}","templated":true}]}}