{"id":230,"date":"2017-02-16T16:21:43","date_gmt":"2017-02-16T15:21:43","guid":{"rendered":"https:\/\/schwerinerhafenfest.de\/?page_id=230"},"modified":"2020-11-09T21:17:19","modified_gmt":"2020-11-09T20:17:19","slug":"impressum","status":"publish","type":"page","link":"https:\/\/schwerinerhafenfest.de\/?page_id=230","title":{"rendered":"Impressum"},"content":{"rendered":"<div>\n<h4>Veranstalter<\/h4>\n<p>Music Eggert<br \/>\nInh. Rolf Eggert<br \/>\nPaulstra\u00dfe 2a<br \/>\n19249 L\u00fcbtheen<br \/>\nUST: DE 137 675 759<\/p>\n<p>F\u00fcr alle Fragen:<br \/>\nE-Mail:\u00a0anfrage@musiceggert.de<br \/>\nWeb: www.me-events.de | www.musiceggert.de<\/p>\n<\/div>\n","protected":false},"excerpt":{"rendered":"<p>Veranstalter Music Eggert Inh. Rolf Eggert Paulstra\u00dfe 2a 19249 L\u00fcbtheen UST: DE 137 675 759 F\u00fcr alle Fragen: E-Mail:\u00a0anfrage@musiceggert.de Web: www.me-events.de | www.musiceggert.de<\/p>\n","protected":false},"author":1,"featured_media":0,"parent":0,"menu_order":0,"comment_status":"closed","ping_status":"closed","template":"","meta":[],"_links":{"self":[{"href":"https:\/\/schwerinerhafenfest.de\/index.php?rest_route=\/wp\/v2\/pages\/230"}],"collection":[{"href":"https:\/\/schwerinerhafenfest.de\/index.php?rest_route=\/wp\/v2\/pages"}],"about":[{"href":"https:\/\/schwerinerhafenfest.de\/index.php?rest_route=\/wp\/v2\/types\/page"}],"author":[{"embeddable":true,"href":"https:\/\/schwerinerhafenfest.de\/index.php?rest_route=\/wp\/v2\/users\/1"}],"replies":[{"embeddable":true,"href":"https:\/\/schwerinerhafenfest.de\/index.php?rest_route=%2Fwp%2Fv2%2Fcomments&post=230"}],"version-history":[{"count":3,"href":"https:\/\/schwerinerhafenfest.de\/index.php?rest_route=\/wp\/v2\/pages\/230\/revisions"}],"predecessor-version":[{"id":581,"href":"https:\/\/schwerinerhafenfest.de\/index.php?rest_route=\/wp\/v2\/pages\/230\/revisions\/581"}],"wp:attachment":[{"href":"https:\/\/schwerinerhafenfest.de\/index.php?rest_route=%2Fwp%2Fv2%2Fmedia&parent=230"}],"curies":[{"name":"wp","href":"https:\/\/api.w.org\/{rel}","templated":true}]}}