{"id":13,"date":"2016-04-27T11:52:29","date_gmt":"2016-04-27T09:52:29","guid":{"rendered":"https:\/\/schwerinerhafenfest.de\/?page_id=13"},"modified":"2020-11-04T08:46:06","modified_gmt":"2020-11-04T07:46:06","slug":"anfahrt","status":"publish","type":"page","link":"https:\/\/schwerinerhafenfest.de\/?page_id=13","title":{"rendered":"Anfahrt"},"content":{"rendered":"<p>Es stehen gegen\u00fcber vom Veranstaltungsgel\u00e4nde ausreichend Parkfl\u00e4chen zur Verf\u00fcgung.<\/p>\n<p>Besuchern von au\u00dferhalb empfehlen wir den \u00f6ffentlichen Nahverkehr (P+R) zu nutzen.<\/p>\n","protected":false},"excerpt":{"rendered":"<p>Es stehen gegen\u00fcber vom Veranstaltungsgel\u00e4nde ausreichend Parkfl\u00e4chen zur Verf\u00fcgung. Besuchern von au\u00dferhalb empfehlen wir den \u00f6ffentlichen Nahverkehr (P+R) zu nutzen.<\/p>\n","protected":false},"author":1,"featured_media":0,"parent":0,"menu_order":0,"comment_status":"closed","ping_status":"closed","template":"","meta":[],"_links":{"self":[{"href":"https:\/\/schwerinerhafenfest.de\/index.php?rest_route=\/wp\/v2\/pages\/13"}],"collection":[{"href":"https:\/\/schwerinerhafenfest.de\/index.php?rest_route=\/wp\/v2\/pages"}],"about":[{"href":"https:\/\/schwerinerhafenfest.de\/index.php?rest_route=\/wp\/v2\/types\/page"}],"author":[{"embeddable":true,"href":"https:\/\/schwerinerhafenfest.de\/index.php?rest_route=\/wp\/v2\/users\/1"}],"replies":[{"embeddable":true,"href":"https:\/\/schwerinerhafenfest.de\/index.php?rest_route=%2Fwp%2Fv2%2Fcomments&post=13"}],"version-history":[{"count":6,"href":"https:\/\/schwerinerhafenfest.de\/index.php?rest_route=\/wp\/v2\/pages\/13\/revisions"}],"predecessor-version":[{"id":557,"href":"https:\/\/schwerinerhafenfest.de\/index.php?rest_route=\/wp\/v2\/pages\/13\/revisions\/557"}],"wp:attachment":[{"href":"https:\/\/schwerinerhafenfest.de\/index.php?rest_route=%2Fwp%2Fv2%2Fmedia&parent=13"}],"curies":[{"name":"wp","href":"https:\/\/api.w.org\/{rel}","templated":true}]}}